{"id":10824,"date":"2017-01-11T10:53:14","date_gmt":"2017-01-11T10:53:14","guid":{"rendered":"http:\/\/aton.select-themes.com\/?page_id=10824"},"modified":"2024-05-20T09:52:56","modified_gmt":"2024-05-20T07:52:56","slug":"portfolio","status":"publish","type":"page","link":"https:\/\/www.ohmypress.fr\/en\/portfolio\/","title":{"rendered":"Exp\u00e9rience"},"content":{"rendered":"<section class=\"wpb-content-wrapper\"><div class=\"vc_row wpb_row vc_row-fluid qodef-section vc_custom_1484130727726 qodef-content-aligment-left qodef-grid-section\" style=\"\"><div class=\"clearfix qodef-section-inner\"><div class=\"qodef-section-inner-margin clearfix\"><div class=\"wpb_column vc_column_container vc_col-sm-12\"><div class=\"vc_column-inner\"><div class=\"wpb_wrapper\"><div class = \"qodef-portfolio-list-holder-outer qodef-ptf-gallery-space qodef-ptf-three-columns qodef-ptf-load-more\" data-next-page= \"2\" data-type= \"gallery-space\" data-columns= \"three\" data-grid-size= \"three\" data-order-by= \"date\" data-order= \"ASC\" data-number= \"9\" data-image-size= \"landscape\" data-filter= \"no\" data-filter-order-by= \"name\" data-show-load-more= \"yes\" data-title-tag= \"h5\" data-max-num-pages = \"2\"><div class = \"qodef-portfolio-list-holder clearfix\" >    <article class=\"qodef-portfolio-item mix portfolio_category_199\">\n        <div class=\"qodef-portfolio-item-inner\">\n            <a class=\"qodef-portfolio-link\" href=\"https:\/\/www.ohmypress.fr\/en\/portfolio-item\/leffervessence-de-marine\/\"><\/a>\n            <div class=\"qodef-item-image-holder\">\n\t\t\t\t<img loading=\"lazy\" decoding=\"async\" width=\"800\" height=\"600\" src=\"https:\/\/www.ohmypress.fr\/wp-content\/uploads\/2024\/02\/portfolio-ohmypress-l-effervessence-3-800x600.jpg\" class=\"attachment-aton_qodef_landscape size-aton_qodef_landscape wp-post-image\" alt=\"\" srcset=\"https:\/\/www.ohmypress.fr\/wp-content\/uploads\/2024\/02\/portfolio-ohmypress-l-effervessence-3-800x600.jpg 800w, https:\/\/www.ohmypress.fr\/wp-content\/uploads\/2024\/02\/portfolio-ohmypress-l-effervessence-3-300x225.jpg 300w, https:\/\/www.ohmypress.fr\/wp-content\/uploads\/2024\/02\/portfolio-ohmypress-l-effervessence-3-1024x768.jpg 1024w, https:\/\/www.ohmypress.fr\/wp-content\/uploads\/2024\/02\/portfolio-ohmypress-l-effervessence-3-768x576.jpg 768w, https:\/\/www.ohmypress.fr\/wp-content\/uploads\/2024\/02\/portfolio-ohmypress-l-effervessence-3.jpg 1200w\" sizes=\"auto, (max-width: 800px) 100vw, 800px\" \/>            <\/div>\n            <div class=\"qodef-item-text-overlay\">\n                <div class=\"qodef-item-text-overlay-inner\">\n                    <div class=\"qodef-item-text-holder\">\n                        <div class=\"qodef-item-text-holder-inner\" >\n                            <h5 class=\"qodef-item-title\">\n\t\t\t\t\t\t\tL\u2019effervessence de Marine                        <\/h5>\n\t\t\t\t\t\t<div class=\"qodef-ptf-category-holder\"><span>Relations Presse<\/span><\/div>                    <\/div>\n                <\/div>\n            <\/div>\n        <\/div>\n        <\/div>\n    <\/article>\n    <article class=\"qodef-portfolio-item mix portfolio_category_199\">\n        <div class=\"qodef-portfolio-item-inner\">\n            <a class=\"qodef-portfolio-link\" href=\"https:\/\/www.ohmypress.fr\/en\/portfolio-item\/naturabox\/\"><\/a>\n            <div class=\"qodef-item-image-holder\">\n\t\t\t\t<img loading=\"lazy\" decoding=\"async\" width=\"800\" height=\"600\" src=\"https:\/\/www.ohmypress.fr\/wp-content\/uploads\/2024\/02\/portfolio-ohmypress-naturabox-2-800x600.jpg\" class=\"attachment-aton_qodef_landscape size-aton_qodef_landscape wp-post-image\" alt=\"\" srcset=\"https:\/\/www.ohmypress.fr\/wp-content\/uploads\/2024\/02\/portfolio-ohmypress-naturabox-2-800x600.jpg 800w, https:\/\/www.ohmypress.fr\/wp-content\/uploads\/2024\/02\/portfolio-ohmypress-naturabox-2-300x225.jpg 300w, https:\/\/www.ohmypress.fr\/wp-content\/uploads\/2024\/02\/portfolio-ohmypress-naturabox-2-1024x768.jpg 1024w, https:\/\/www.ohmypress.fr\/wp-content\/uploads\/2024\/02\/portfolio-ohmypress-naturabox-2-768x576.jpg 768w, https:\/\/www.ohmypress.fr\/wp-content\/uploads\/2024\/02\/portfolio-ohmypress-naturabox-2.jpg 1200w\" sizes=\"auto, (max-width: 800px) 100vw, 800px\" \/>            <\/div>\n            <div class=\"qodef-item-text-overlay\">\n                <div class=\"qodef-item-text-overlay-inner\">\n                    <div class=\"qodef-item-text-holder\">\n                        <div class=\"qodef-item-text-holder-inner\" >\n                            <h5 class=\"qodef-item-title\">\n\t\t\t\t\t\t\tNaturabox                        <\/h5>\n\t\t\t\t\t\t<div class=\"qodef-ptf-category-holder\"><span>Relations Presse<\/span><\/div>                    <\/div>\n                <\/div>\n            <\/div>\n        <\/div>\n        <\/div>\n    <\/article>\n    <article class=\"qodef-portfolio-item mix portfolio_category_199\">\n        <div class=\"qodef-portfolio-item-inner\">\n            <a class=\"qodef-portfolio-link\" href=\"https:\/\/www.ohmypress.fr\/en\/portfolio-item\/forum-rhone-alpes\/\"><\/a>\n            <div class=\"qodef-item-image-holder\">\n\t\t\t\t<img loading=\"lazy\" decoding=\"async\" width=\"800\" height=\"600\" src=\"https:\/\/www.ohmypress.fr\/wp-content\/uploads\/2024\/02\/portfolio-ohmypress-forum-organisation-2-800x600.jpg\" class=\"attachment-aton_qodef_landscape size-aton_qodef_landscape wp-post-image\" alt=\"\" srcset=\"https:\/\/www.ohmypress.fr\/wp-content\/uploads\/2024\/02\/portfolio-ohmypress-forum-organisation-2-800x600.jpg 800w, https:\/\/www.ohmypress.fr\/wp-content\/uploads\/2024\/02\/portfolio-ohmypress-forum-organisation-2-300x225.jpg 300w, https:\/\/www.ohmypress.fr\/wp-content\/uploads\/2024\/02\/portfolio-ohmypress-forum-organisation-2-1024x768.jpg 1024w, https:\/\/www.ohmypress.fr\/wp-content\/uploads\/2024\/02\/portfolio-ohmypress-forum-organisation-2-768x576.jpg 768w, https:\/\/www.ohmypress.fr\/wp-content\/uploads\/2024\/02\/portfolio-ohmypress-forum-organisation-2.jpg 1200w\" sizes=\"auto, (max-width: 800px) 100vw, 800px\" \/>            <\/div>\n            <div class=\"qodef-item-text-overlay\">\n                <div class=\"qodef-item-text-overlay-inner\">\n                    <div class=\"qodef-item-text-holder\">\n                        <div class=\"qodef-item-text-holder-inner\" >\n                            <h5 class=\"qodef-item-title\">\n\t\t\t\t\t\t\tForum Rh\u00f4ne-Alpes                        <\/h5>\n\t\t\t\t\t\t<div class=\"qodef-ptf-category-holder\"><span>Relations Presse<\/span><\/div>                    <\/div>\n                <\/div>\n            <\/div>\n        <\/div>\n        <\/div>\n    <\/article>\n    <article class=\"qodef-portfolio-item mix portfolio_category_201\">\n        <div class=\"qodef-portfolio-item-inner\">\n            <a class=\"qodef-portfolio-link\" href=\"https:\/\/www.ohmypress.fr\/en\/portfolio-item\/conference-iseg-avec-marine-lorphelin\/\"><\/a>\n            <div class=\"qodef-item-image-holder\">\n\t\t\t\t<img loading=\"lazy\" decoding=\"async\" width=\"800\" height=\"600\" src=\"https:\/\/www.ohmypress.fr\/wp-content\/uploads\/2024\/02\/portfolio-ohmypress-marine-lorphelin-iseg-800x600.jpg\" class=\"attachment-aton_qodef_landscape size-aton_qodef_landscape wp-post-image\" alt=\"\" srcset=\"https:\/\/www.ohmypress.fr\/wp-content\/uploads\/2024\/02\/portfolio-ohmypress-marine-lorphelin-iseg-800x600.jpg 800w, https:\/\/www.ohmypress.fr\/wp-content\/uploads\/2024\/02\/portfolio-ohmypress-marine-lorphelin-iseg-300x225.jpg 300w, https:\/\/www.ohmypress.fr\/wp-content\/uploads\/2024\/02\/portfolio-ohmypress-marine-lorphelin-iseg-1024x768.jpg 1024w, https:\/\/www.ohmypress.fr\/wp-content\/uploads\/2024\/02\/portfolio-ohmypress-marine-lorphelin-iseg-768x576.jpg 768w, https:\/\/www.ohmypress.fr\/wp-content\/uploads\/2024\/02\/portfolio-ohmypress-marine-lorphelin-iseg.jpg 1200w\" sizes=\"auto, (max-width: 800px) 100vw, 800px\" \/>            <\/div>\n            <div class=\"qodef-item-text-overlay\">\n                <div class=\"qodef-item-text-overlay-inner\">\n                    <div class=\"qodef-item-text-holder\">\n                        <div class=\"qodef-item-text-holder-inner\" >\n                            <h5 class=\"qodef-item-title\">\n\t\t\t\t\t\t\tConf\u00e9rence ISEG avec Marine Lorphelin                        <\/h5>\n\t\t\t\t\t\t<div class=\"qodef-ptf-category-holder\"><span>Strat\u00e9gie Digitale<\/span><\/div>                    <\/div>\n                <\/div>\n            <\/div>\n        <\/div>\n        <\/div>\n    <\/article>\n    <article class=\"qodef-portfolio-item mix portfolio_category_202\">\n        <div class=\"qodef-portfolio-item-inner\">\n            <a class=\"qodef-portfolio-link\" href=\"https:\/\/www.ohmypress.fr\/en\/portfolio-item\/swarovski-gazoil\/\"><\/a>\n            <div class=\"qodef-item-image-holder\">\n\t\t\t\t<img loading=\"lazy\" decoding=\"async\" width=\"800\" height=\"600\" src=\"https:\/\/www.ohmypress.fr\/wp-content\/uploads\/2024\/02\/portfolio-ohmypress-gazoil-3-800x600.jpg\" class=\"attachment-aton_qodef_landscape size-aton_qodef_landscape wp-post-image\" alt=\"\" srcset=\"https:\/\/www.ohmypress.fr\/wp-content\/uploads\/2024\/02\/portfolio-ohmypress-gazoil-3-800x600.jpg 800w, https:\/\/www.ohmypress.fr\/wp-content\/uploads\/2024\/02\/portfolio-ohmypress-gazoil-3-300x225.jpg 300w, https:\/\/www.ohmypress.fr\/wp-content\/uploads\/2024\/02\/portfolio-ohmypress-gazoil-3-1024x768.jpg 1024w, https:\/\/www.ohmypress.fr\/wp-content\/uploads\/2024\/02\/portfolio-ohmypress-gazoil-3-768x576.jpg 768w, https:\/\/www.ohmypress.fr\/wp-content\/uploads\/2024\/02\/portfolio-ohmypress-gazoil-3.jpg 1200w\" sizes=\"auto, (max-width: 800px) 100vw, 800px\" \/>            <\/div>\n            <div class=\"qodef-item-text-overlay\">\n                <div class=\"qodef-item-text-overlay-inner\">\n                    <div class=\"qodef-item-text-holder\">\n                        <div class=\"qodef-item-text-holder-inner\" >\n                            <h5 class=\"qodef-item-title\">\n\t\t\t\t\t\t\tSwarovski \u2013 Gazoil                        <\/h5>\n\t\t\t\t\t\t<div class=\"qodef-ptf-category-holder\"><span>M\u00e9dia-Training<\/span><\/div>                    <\/div>\n                <\/div>\n            <\/div>\n        <\/div>\n        <\/div>\n    <\/article>\n    <article class=\"qodef-portfolio-item mix portfolio_category_202\">\n        <div class=\"qodef-portfolio-item-inner\">\n            <a class=\"qodef-portfolio-link\" href=\"https:\/\/www.ohmypress.fr\/en\/portfolio-item\/nrj-2\/\"><\/a>\n            <div class=\"qodef-item-image-holder\">\n\t\t\t\t<img loading=\"lazy\" decoding=\"async\" width=\"800\" height=\"600\" src=\"https:\/\/www.ohmypress.fr\/wp-content\/uploads\/2024\/02\/portfolio-media-training-nrj-01-800x600.jpg\" class=\"attachment-aton_qodef_landscape size-aton_qodef_landscape wp-post-image\" alt=\"\" srcset=\"https:\/\/www.ohmypress.fr\/wp-content\/uploads\/2024\/02\/portfolio-media-training-nrj-01-800x600.jpg 800w, https:\/\/www.ohmypress.fr\/wp-content\/uploads\/2024\/02\/portfolio-media-training-nrj-01-300x225.jpg 300w, https:\/\/www.ohmypress.fr\/wp-content\/uploads\/2024\/02\/portfolio-media-training-nrj-01-1024x768.jpg 1024w, https:\/\/www.ohmypress.fr\/wp-content\/uploads\/2024\/02\/portfolio-media-training-nrj-01-768x576.jpg 768w, https:\/\/www.ohmypress.fr\/wp-content\/uploads\/2024\/02\/portfolio-media-training-nrj-01.jpg 1200w\" sizes=\"auto, (max-width: 800px) 100vw, 800px\" \/>            <\/div>\n            <div class=\"qodef-item-text-overlay\">\n                <div class=\"qodef-item-text-overlay-inner\">\n                    <div class=\"qodef-item-text-holder\">\n                        <div class=\"qodef-item-text-holder-inner\" >\n                            <h5 class=\"qodef-item-title\">\n\t\t\t\t\t\t\tNRJ                        <\/h5>\n\t\t\t\t\t\t<div class=\"qodef-ptf-category-holder\"><span>M\u00e9dia-Training<\/span><\/div>                    <\/div>\n                <\/div>\n            <\/div>\n        <\/div>\n        <\/div>\n    <\/article>\n    <article class=\"qodef-portfolio-item mix portfolio_category_199\">\n        <div class=\"qodef-portfolio-item-inner\">\n            <a class=\"qodef-portfolio-link\" href=\"https:\/\/www.ohmypress.fr\/en\/portfolio-item\/next-financial-group\/\"><\/a>\n            <div class=\"qodef-item-image-holder\">\n\t\t\t\t<img loading=\"lazy\" decoding=\"async\" width=\"800\" height=\"600\" src=\"https:\/\/www.ohmypress.fr\/wp-content\/uploads\/2024\/02\/portfolio-relations-presse-next-financial-800x600.jpg\" class=\"attachment-aton_qodef_landscape size-aton_qodef_landscape wp-post-image\" alt=\"\" srcset=\"https:\/\/www.ohmypress.fr\/wp-content\/uploads\/2024\/02\/portfolio-relations-presse-next-financial-800x600.jpg 800w, https:\/\/www.ohmypress.fr\/wp-content\/uploads\/2024\/02\/portfolio-relations-presse-next-financial-300x225.jpg 300w, https:\/\/www.ohmypress.fr\/wp-content\/uploads\/2024\/02\/portfolio-relations-presse-next-financial-1024x768.jpg 1024w, https:\/\/www.ohmypress.fr\/wp-content\/uploads\/2024\/02\/portfolio-relations-presse-next-financial-768x576.jpg 768w, https:\/\/www.ohmypress.fr\/wp-content\/uploads\/2024\/02\/portfolio-relations-presse-next-financial.jpg 1200w\" sizes=\"auto, (max-width: 800px) 100vw, 800px\" \/>            <\/div>\n            <div class=\"qodef-item-text-overlay\">\n                <div class=\"qodef-item-text-overlay-inner\">\n                    <div class=\"qodef-item-text-holder\">\n                        <div class=\"qodef-item-text-holder-inner\" >\n                            <h5 class=\"qodef-item-title\">\n\t\t\t\t\t\t\tNext Financial Group                        <\/h5>\n\t\t\t\t\t\t<div class=\"qodef-ptf-category-holder\"><span>Relations Presse<\/span><\/div>                    <\/div>\n                <\/div>\n            <\/div>\n        <\/div>\n        <\/div>\n    <\/article>\n    <article class=\"qodef-portfolio-item mix portfolio_category_199\">\n        <div class=\"qodef-portfolio-item-inner\">\n            <a class=\"qodef-portfolio-link\" href=\"https:\/\/www.ohmypress.fr\/en\/portfolio-item\/peugeot\/\"><\/a>\n            <div class=\"qodef-item-image-holder\">\n\t\t\t\t<img loading=\"lazy\" decoding=\"async\" width=\"800\" height=\"600\" src=\"https:\/\/www.ohmypress.fr\/wp-content\/uploads\/2024\/02\/Peugeot-garage-clavier-Relation-Presse-ohmypress-scaled-1-800x600.jpg\" class=\"attachment-aton_qodef_landscape size-aton_qodef_landscape wp-post-image\" alt=\"\" srcset=\"https:\/\/www.ohmypress.fr\/wp-content\/uploads\/2024\/02\/Peugeot-garage-clavier-Relation-Presse-ohmypress-scaled-1-800x600.jpg 800w, https:\/\/www.ohmypress.fr\/wp-content\/uploads\/2024\/02\/Peugeot-garage-clavier-Relation-Presse-ohmypress-scaled-1-300x225.jpg 300w, https:\/\/www.ohmypress.fr\/wp-content\/uploads\/2024\/02\/Peugeot-garage-clavier-Relation-Presse-ohmypress-scaled-1-1024x768.jpg 1024w, https:\/\/www.ohmypress.fr\/wp-content\/uploads\/2024\/02\/Peugeot-garage-clavier-Relation-Presse-ohmypress-scaled-1-768x576.jpg 768w, https:\/\/www.ohmypress.fr\/wp-content\/uploads\/2024\/02\/Peugeot-garage-clavier-Relation-Presse-ohmypress-scaled-1-1536x1152.jpg 1536w\" sizes=\"auto, (max-width: 800px) 100vw, 800px\" \/>            <\/div>\n            <div class=\"qodef-item-text-overlay\">\n                <div class=\"qodef-item-text-overlay-inner\">\n                    <div class=\"qodef-item-text-holder\">\n                        <div class=\"qodef-item-text-holder-inner\" >\n                            <h5 class=\"qodef-item-title\">\n\t\t\t\t\t\t\tPeugeot                        <\/h5>\n\t\t\t\t\t\t<div class=\"qodef-ptf-category-holder\"><span>Relations Presse<\/span><\/div>                    <\/div>\n                <\/div>\n            <\/div>\n        <\/div>\n        <\/div>\n    <\/article>\n    <article class=\"qodef-portfolio-item mix portfolio_category_199\">\n        <div class=\"qodef-portfolio-item-inner\">\n            <a class=\"qodef-portfolio-link\" href=\"https:\/\/www.ohmypress.fr\/en\/portfolio-item\/zen-mix\/\"><\/a>\n            <div class=\"qodef-item-image-holder\">\n\t\t\t\t<img loading=\"lazy\" decoding=\"async\" width=\"800\" height=\"600\" src=\"https:\/\/www.ohmypress.fr\/wp-content\/uploads\/2024\/02\/portfolio-ohmypress-zenmix-800x600.jpg\" class=\"attachment-aton_qodef_landscape size-aton_qodef_landscape wp-post-image\" alt=\"\" srcset=\"https:\/\/www.ohmypress.fr\/wp-content\/uploads\/2024\/02\/portfolio-ohmypress-zenmix-800x600.jpg 800w, https:\/\/www.ohmypress.fr\/wp-content\/uploads\/2024\/02\/portfolio-ohmypress-zenmix-300x225.jpg 300w, https:\/\/www.ohmypress.fr\/wp-content\/uploads\/2024\/02\/portfolio-ohmypress-zenmix-1024x768.jpg 1024w, https:\/\/www.ohmypress.fr\/wp-content\/uploads\/2024\/02\/portfolio-ohmypress-zenmix-768x576.jpg 768w, https:\/\/www.ohmypress.fr\/wp-content\/uploads\/2024\/02\/portfolio-ohmypress-zenmix-1536x1152.jpg 1536w\" sizes=\"auto, (max-width: 800px) 100vw, 800px\" \/>            <\/div>\n            <div class=\"qodef-item-text-overlay\">\n                <div class=\"qodef-item-text-overlay-inner\">\n                    <div class=\"qodef-item-text-holder\">\n                        <div class=\"qodef-item-text-holder-inner\" >\n                            <h5 class=\"qodef-item-title\">\n\t\t\t\t\t\t\tZen Mix                        <\/h5>\n\t\t\t\t\t\t<div class=\"qodef-ptf-category-holder\"><span>Relations Presse<\/span><\/div>                    <\/div>\n                <\/div>\n            <\/div>\n        <\/div>\n        <\/div>\n    <\/article>\n<div class='qodef-filler'><\/div>\n<div class='qodef-filler'><\/div>\n<div class='qodef-filler'><\/div>\n<\/div>\t<div class=\"qodef-ptf-list-paging\">\n\t\t<span class=\"qodef-ptf-list-load-more\">\n\t\t\t<a itemprop=\"url\" href=\"\" target=\"_self\"  class=\"qodef-btn qodef-btn-large qodef-btn-solid qodef-btn-hover-sweep\"   >    <span class=\"qodef-btn-text\">Show More<\/span>                <span class=\"qodef-hover-background-holder\">\t    \t<span class=\"qodef-hover-background\"><\/span>    \t<\/span>    <\/a>\t\t<\/span>\n\t<\/div>\n<\/div><\/div><\/div><\/div><\/div><\/div><\/div>\n<\/section>","protected":false},"excerpt":{"rendered":"Pour le lancement de la gamme de boissons apaisantes \u00e0 base de CBD, Zenmix, la team OhMyPress s\u2019est occup\u00e9e des Relations Presse nationales. Nous avons pu toucher \u00e0 la fois de la presse nationale grand public mais aussi la presse professionnelle.","protected":false},"author":1,"featured_media":0,"parent":0,"menu_order":0,"comment_status":"closed","ping_status":"closed","template":"full-width.php","meta":{"_monsterinsights_skip_tracking":false,"_monsterinsights_sitenote_active":false,"_monsterinsights_sitenote_note":"","_monsterinsights_sitenote_category":0,"footnotes":""},"class_list":["post-10824","page","type-page","status-publish","hentry"],"yoast_head":"<!-- This site is optimized with the Yoast SEO plugin v27.5 - https:\/\/yoast.com\/product\/yoast-seo-wordpress\/ -->\n<title>Exp\u00e9rience - Oh My Press<\/title>\n<meta name=\"description\" content=\"Une r\u00e9elle connaissance du m\u00e9tier nous permet de mieux vous accompagner et vous conseiller. L&#039;agence de communication Oh My Press vous propose plus qu\u2019une prestation de service : une collaboration privil\u00e9gi\u00e9e, tourn\u00e9e vers la r\u00e9ussite de votre projet de communication m\u00e9dias.\" \/>\n<meta name=\"robots\" content=\"index, follow, max-snippet:-1, max-image-preview:large, max-video-preview:-1\" \/>\n<link rel=\"canonical\" href=\"https:\/\/www.ohmypress.fr\/en\/portfolio\/\" \/>\n<meta property=\"og:locale\" content=\"en_US\" \/>\n<meta property=\"og:type\" content=\"article\" \/>\n<meta property=\"og:title\" content=\"Exp\u00e9rience - Oh My Press\" \/>\n<meta property=\"og:description\" content=\"Une r\u00e9elle connaissance du m\u00e9tier nous permet de mieux vous accompagner et vous conseiller. L&#039;agence de communication Oh My Press vous propose plus qu\u2019une prestation de service : une collaboration privil\u00e9gi\u00e9e, tourn\u00e9e vers la r\u00e9ussite de votre projet de communication m\u00e9dias.\" \/>\n<meta property=\"og:url\" content=\"https:\/\/www.ohmypress.fr\/en\/portfolio\/\" \/>\n<meta property=\"og:site_name\" content=\"Oh My Press\" \/>\n<meta property=\"article:modified_time\" content=\"2024-05-20T07:52:56+00:00\" \/>\n<meta name=\"twitter:card\" content=\"summary_large_image\" \/>\n<meta name=\"twitter:label1\" content=\"Est. reading time\" \/>\n\t<meta name=\"twitter:data1\" content=\"1 minute\" \/>\n<script type=\"application\/ld+json\" class=\"yoast-schema-graph\">{\"@context\":\"https:\\\/\\\/schema.org\",\"@graph\":[{\"@type\":\"WebPage\",\"@id\":\"https:\\\/\\\/www.ohmypress.fr\\\/portfolio\\\/\",\"url\":\"https:\\\/\\\/www.ohmypress.fr\\\/portfolio\\\/\",\"name\":\"Exp\u00e9rience - Oh My Press\",\"isPartOf\":{\"@id\":\"https:\\\/\\\/www.ohmypress.fr\\\/#website\"},\"datePublished\":\"2017-01-11T10:53:14+00:00\",\"dateModified\":\"2024-05-20T07:52:56+00:00\",\"description\":\"Une r\u00e9elle connaissance du m\u00e9tier nous permet de mieux vous accompagner et vous conseiller. L'agence de communication Oh My Press vous propose plus qu\u2019une prestation de service : une collaboration privil\u00e9gi\u00e9e, tourn\u00e9e vers la r\u00e9ussite de votre projet de communication m\u00e9dias.\",\"breadcrumb\":{\"@id\":\"https:\\\/\\\/www.ohmypress.fr\\\/portfolio\\\/#breadcrumb\"},\"inLanguage\":\"en-US\",\"potentialAction\":[{\"@type\":\"ReadAction\",\"target\":[\"https:\\\/\\\/www.ohmypress.fr\\\/portfolio\\\/\"]}]},{\"@type\":\"BreadcrumbList\",\"@id\":\"https:\\\/\\\/www.ohmypress.fr\\\/portfolio\\\/#breadcrumb\",\"itemListElement\":[{\"@type\":\"ListItem\",\"position\":1,\"name\":\"Accueil\",\"item\":\"https:\\\/\\\/www.ohmypress.fr\\\/\"},{\"@type\":\"ListItem\",\"position\":2,\"name\":\"Exp\u00e9rience\"}]},{\"@type\":\"WebSite\",\"@id\":\"https:\\\/\\\/www.ohmypress.fr\\\/#website\",\"url\":\"https:\\\/\\\/www.ohmypress.fr\\\/\",\"name\":\"Oh My Press\",\"description\":\"Agence de Relations Presse - Lyon \\\/\\\/ Cailloux-sur-Fontaines\",\"potentialAction\":[{\"@type\":\"SearchAction\",\"target\":{\"@type\":\"EntryPoint\",\"urlTemplate\":\"https:\\\/\\\/www.ohmypress.fr\\\/?s={search_term_string}\"},\"query-input\":{\"@type\":\"PropertyValueSpecification\",\"valueRequired\":true,\"valueName\":\"search_term_string\"}}],\"inLanguage\":\"en-US\"}]}<\/script>\n<!-- \/ Yoast SEO plugin. -->","yoast_head_json":{"title":"Exp\u00e9rience - Oh My Press","description":"Une r\u00e9elle connaissance du m\u00e9tier nous permet de mieux vous accompagner et vous conseiller. L'agence de communication Oh My Press vous propose plus qu\u2019une prestation de service : une collaboration privil\u00e9gi\u00e9e, tourn\u00e9e vers la r\u00e9ussite de votre projet de communication m\u00e9dias.","robots":{"index":"index","follow":"follow","max-snippet":"max-snippet:-1","max-image-preview":"max-image-preview:large","max-video-preview":"max-video-preview:-1"},"canonical":"https:\/\/www.ohmypress.fr\/en\/portfolio\/","og_locale":"en_US","og_type":"article","og_title":"Exp\u00e9rience - Oh My Press","og_description":"Une r\u00e9elle connaissance du m\u00e9tier nous permet de mieux vous accompagner et vous conseiller. L'agence de communication Oh My Press vous propose plus qu\u2019une prestation de service : une collaboration privil\u00e9gi\u00e9e, tourn\u00e9e vers la r\u00e9ussite de votre projet de communication m\u00e9dias.","og_url":"https:\/\/www.ohmypress.fr\/en\/portfolio\/","og_site_name":"Oh My Press","article_modified_time":"2024-05-20T07:52:56+00:00","twitter_card":"summary_large_image","twitter_misc":{"Est. reading time":"1 minute"},"schema":{"@context":"https:\/\/schema.org","@graph":[{"@type":"WebPage","@id":"https:\/\/www.ohmypress.fr\/portfolio\/","url":"https:\/\/www.ohmypress.fr\/portfolio\/","name":"Exp\u00e9rience - Oh My Press","isPartOf":{"@id":"https:\/\/www.ohmypress.fr\/#website"},"datePublished":"2017-01-11T10:53:14+00:00","dateModified":"2024-05-20T07:52:56+00:00","description":"Une r\u00e9elle connaissance du m\u00e9tier nous permet de mieux vous accompagner et vous conseiller. L'agence de communication Oh My Press vous propose plus qu\u2019une prestation de service : une collaboration privil\u00e9gi\u00e9e, tourn\u00e9e vers la r\u00e9ussite de votre projet de communication m\u00e9dias.","breadcrumb":{"@id":"https:\/\/www.ohmypress.fr\/portfolio\/#breadcrumb"},"inLanguage":"en-US","potentialAction":[{"@type":"ReadAction","target":["https:\/\/www.ohmypress.fr\/portfolio\/"]}]},{"@type":"BreadcrumbList","@id":"https:\/\/www.ohmypress.fr\/portfolio\/#breadcrumb","itemListElement":[{"@type":"ListItem","position":1,"name":"Accueil","item":"https:\/\/www.ohmypress.fr\/"},{"@type":"ListItem","position":2,"name":"Exp\u00e9rience"}]},{"@type":"WebSite","@id":"https:\/\/www.ohmypress.fr\/#website","url":"https:\/\/www.ohmypress.fr\/","name":"Oh My Press","description":"Agence de Relations Presse - Lyon \/\/ Cailloux-sur-Fontaines","potentialAction":[{"@type":"SearchAction","target":{"@type":"EntryPoint","urlTemplate":"https:\/\/www.ohmypress.fr\/?s={search_term_string}"},"query-input":{"@type":"PropertyValueSpecification","valueRequired":true,"valueName":"search_term_string"}}],"inLanguage":"en-US"}]}},"_links":{"self":[{"href":"https:\/\/www.ohmypress.fr\/en\/wp-json\/wp\/v2\/pages\/10824","targetHints":{"allow":["GET"]}}],"collection":[{"href":"https:\/\/www.ohmypress.fr\/en\/wp-json\/wp\/v2\/pages"}],"about":[{"href":"https:\/\/www.ohmypress.fr\/en\/wp-json\/wp\/v2\/types\/page"}],"author":[{"embeddable":true,"href":"https:\/\/www.ohmypress.fr\/en\/wp-json\/wp\/v2\/users\/1"}],"replies":[{"embeddable":true,"href":"https:\/\/www.ohmypress.fr\/en\/wp-json\/wp\/v2\/comments?post=10824"}],"version-history":[{"count":3,"href":"https:\/\/www.ohmypress.fr\/en\/wp-json\/wp\/v2\/pages\/10824\/revisions"}],"predecessor-version":[{"id":12725,"href":"https:\/\/www.ohmypress.fr\/en\/wp-json\/wp\/v2\/pages\/10824\/revisions\/12725"}],"wp:attachment":[{"href":"https:\/\/www.ohmypress.fr\/en\/wp-json\/wp\/v2\/media?parent=10824"}],"curies":[{"name":"wp","href":"https:\/\/api.w.org\/{rel}","templated":true}]}}